{"id":1345,"date":"2019-02-23T09:45:34","date_gmt":"2019-02-23T08:45:34","guid":{"rendered":"https:\/\/www.asscallico.com\/?page_id=1345"},"modified":"2019-12-10T10:44:45","modified_gmt":"2019-12-10T09:44:45","slug":"home-presentacio","status":"publish","type":"page","link":"https:\/\/www.asscallico.com\/es\/home-presentacio\/","title":{"rendered":"Home &#8211; Presentaci\u00f3n"},"content":{"rendered":"\t\t<div data-elementor-type=\"wp-post\" data-elementor-id=\"1345\" class=\"elementor elementor-1345\">\n\t\t\t\t\t\t<section class=\"elementor-section elementor-top-section elementor-element elementor-element-d1d72d8 elementor-section-full_width elementor-section-height-default elementor-section-height-default\" data-id=\"d1d72d8\" data-element_type=\"section\" data-e-type=\"section\">\n\t\t\t\t\t\t<div class=\"elementor-container elementor-column-gap-extended\">\n\t\t\t\t\t<div class=\"elementor-column elementor-col-50 elementor-top-column elementor-element elementor-element-bb557b2\" data-id=\"bb557b2\" data-element_type=\"column\" data-e-type=\"column\">\n\t\t\t<div class=\"elementor-widget-wrap elementor-element-populated\">\n\t\t\t\t\t\t<div class=\"elementor-element elementor-element-e474a5b elementor-widget elementor-widget-image\" data-id=\"e474a5b\" data-element_type=\"widget\" data-e-type=\"widget\" data-widget_type=\"image.default\">\n\t\t\t\t<div class=\"elementor-widget-container\">\n\t\t\t\t\t\t\t\t\t\t\t\t\t\t\t<img fetchpriority=\"high\" decoding=\"async\" width=\"1200\" height=\"1018\" src=\"https:\/\/www.asscallico.com\/wp-content\/uploads\/2019\/02\/Benviguts-Assessoria-Callic\u00f3.jpg\" class=\"attachment-full size-full wp-image-1389\" alt=\"Benvinguts | Assessoria Callic\u00f3 - Sant Feliu de Gu\u00edxols\" srcset=\"https:\/\/www.asscallico.com\/wp-content\/uploads\/2019\/02\/Benviguts-Assessoria-Callic\u00f3.jpg 1200w, https:\/\/www.asscallico.com\/wp-content\/uploads\/2019\/02\/Benviguts-Assessoria-Callic\u00f3-600x509.jpg 600w, https:\/\/www.asscallico.com\/wp-content\/uploads\/2019\/02\/Benviguts-Assessoria-Callic\u00f3-768x652.jpg 768w\" sizes=\"(max-width: 1200px) 100vw, 1200px\" \/>\t\t\t\t\t\t\t\t\t\t\t\t\t\t\t<\/div>\n\t\t\t\t<\/div>\n\t\t\t\t\t<\/div>\n\t\t<\/div>\n\t\t\t\t<div class=\"elementor-column elementor-col-50 elementor-top-column elementor-element elementor-element-d3ad96c\" data-id=\"d3ad96c\" data-element_type=\"column\" data-e-type=\"column\">\n\t\t\t<div class=\"elementor-widget-wrap elementor-element-populated\">\n\t\t\t\t\t\t<div class=\"elementor-element elementor-element-b7f8f13 elementor-widget elementor-widget-heading\" data-id=\"b7f8f13\" data-element_type=\"widget\" data-e-type=\"widget\" data-widget_type=\"heading.default\">\n\t\t\t\t<div class=\"elementor-widget-container\">\n\t\t\t\t\t<h2 class=\"elementor-heading-title elementor-size-default\">BENVINGUTS<\/h2>\t\t\t\t<\/div>\n\t\t\t\t<\/div>\n\t\t\t\t<div class=\"elementor-element elementor-element-b5470f5 elementor-widget elementor-widget-text-editor\" data-id=\"b5470f5\" data-element_type=\"widget\" data-e-type=\"widget\" data-widget_type=\"text-editor.default\">\n\t\t\t\t<div class=\"elementor-widget-container\">\n\t\t\t\t\t\t\t\t\t<p><strong>Assessoria Callic\u00f3<\/strong> \u00e9s una empresa formada per un equip hum\u00e0 de professionals altament especialitzats i qualificats que posa a disposici\u00f3 del client la seva experi\u00e8ncia des de l&#8217;any 1974.<\/p><p>Com a resultat de la nostra experi\u00e8ncia donem el millor servei, qualitat i efic\u00e0cia als nostres clients, atenent les seves necessitats a cada moment per ajudar-los a complir amb les seves obligacions fiscals, comptables, mercantils i laborals.<\/p><p>Per nosaltres els nostres clients s\u00f3n el m\u00e9s important, per aix\u00f2 donem un servei directe i personalitzat a cadascun d\u2019ells, tant als aut\u00f2noms com a les petites i mitjanes empreses.<\/p><p><strong>Benvinguts al nostre espai web<\/strong>. Aqu\u00ed trobareu informaci\u00f3 sobre els nostres serveis, on trobar-nos i altres documents d\u2019inter\u00e8s.<\/p>\t\t\t\t\t\t\t\t<\/div>\n\t\t\t\t<\/div>\n\t\t\t\t\t<\/div>\n\t\t<\/div>\n\t\t\t\t\t<\/div>\n\t\t<\/section>\n\t\t\t\t<\/div>\n\t\t","protected":false},"excerpt":{"rendered":"<p>BIENVENIDOS Asessor\u00eda Callic\u00f3 es una empresa formada por un equipo humano de profesionales altamente especializados y cualificados que pone a disposici\u00f3n del cliente su experiencia desde el a\u00f1o 1974. Como resultado de nuestra experiencia ofrecemos el mejor servicio, calidad y eficacia a nuestros clientes, atendiendo sus necesidades a cada momento para ayudarlos a cumplir con<br \/><a class=\"moretag\" href=\"https:\/\/www.asscallico.com\/es\/home-presentacio\/\">+ Read More<\/a><\/p>\n","protected":false},"author":1,"featured_media":0,"parent":0,"menu_order":0,"comment_status":"closed","ping_status":"closed","template":"templates\/page-fullwidth_template.php","meta":{"footnotes":""},"class_list":["post-1345","page","type-page","status-publish","hentry"],"_links":{"self":[{"href":"https:\/\/www.asscallico.com\/es\/wp-json\/wp\/v2\/pages\/1345","targetHints":{"allow":["GET"]}}],"collection":[{"href":"https:\/\/www.asscallico.com\/es\/wp-json\/wp\/v2\/pages"}],"about":[{"href":"https:\/\/www.asscallico.com\/es\/wp-json\/wp\/v2\/types\/page"}],"author":[{"embeddable":true,"href":"https:\/\/www.asscallico.com\/es\/wp-json\/wp\/v2\/users\/1"}],"replies":[{"embeddable":true,"href":"https:\/\/www.asscallico.com\/es\/wp-json\/wp\/v2\/comments?post=1345"}],"version-history":[{"count":0,"href":"https:\/\/www.asscallico.com\/es\/wp-json\/wp\/v2\/pages\/1345\/revisions"}],"wp:attachment":[{"href":"https:\/\/www.asscallico.com\/es\/wp-json\/wp\/v2\/media?parent=1345"}],"curies":[{"name":"wp","href":"https:\/\/api.w.org\/{rel}","templated":true}]}}