{"id":362,"date":"2015-08-03T10:58:40","date_gmt":"2015-08-03T08:58:40","guid":{"rendered":"http:\/\/www.asscallico.com\/?page_id=362"},"modified":"2024-02-14T17:59:07","modified_gmt":"2024-02-14T16:59:07","slug":"equip","status":"publish","type":"page","link":"https:\/\/www.asscallico.com\/es\/equip\/","title":{"rendered":"Equipo"},"content":{"rendered":"\t\t<div data-elementor-type=\"wp-page\" data-elementor-id=\"362\" class=\"elementor elementor-362\">\n\t\t\t\t\t\t<section class=\"elementor-section elementor-top-section elementor-element elementor-element-28fd92e elementor-section-full_width elementor-section-height-default elementor-section-height-default\" data-id=\"28fd92e\" data-element_type=\"section\" data-e-type=\"section\">\n\t\t\t\t\t\t<div class=\"elementor-container elementor-column-gap-extended\">\n\t\t\t\t\t<div class=\"elementor-column elementor-col-50 elementor-top-column elementor-element elementor-element-7923db7\" data-id=\"7923db7\" data-element_type=\"column\" data-e-type=\"column\">\n\t\t\t<div class=\"elementor-widget-wrap elementor-element-populated\">\n\t\t\t\t\t\t<div class=\"elementor-element elementor-element-e171648 elementor-widget elementor-widget-heading\" data-id=\"e171648\" data-element_type=\"widget\" data-e-type=\"widget\" data-widget_type=\"heading.default\">\n\t\t\t\t<div class=\"elementor-widget-container\">\n\t\t\t\t\t<h4 class=\"elementor-heading-title elementor-size-default\">NOS PRESENTAMOS<\/h4>\t\t\t\t<\/div>\n\t\t\t\t<\/div>\n\t\t\t\t<div class=\"elementor-element elementor-element-3459822 elementor-widget elementor-widget-text-editor\" data-id=\"3459822\" data-element_type=\"widget\" data-e-type=\"widget\" data-widget_type=\"text-editor.default\">\n\t\t\t\t<div class=\"elementor-widget-container\">\n\t\t\t\t\t\t\t\t\t<p><strong>Assessoria Callic\u00f3<\/strong> compta amb un equip hum\u00e0 de professionals altament especialitzats i qualificats que posa a disposici\u00f3 del client la seva experi\u00e8ncia.<\/p><p>\u00a0<\/p>\t\t\t\t\t\t\t\t<\/div>\n\t\t\t\t<\/div>\n\t\t\t\t\t<\/div>\n\t\t<\/div>\n\t\t\t\t<div class=\"elementor-column elementor-col-50 elementor-top-column elementor-element elementor-element-e4c628d\" data-id=\"e4c628d\" data-element_type=\"column\" data-e-type=\"column\">\n\t\t\t<div class=\"elementor-widget-wrap elementor-element-populated\">\n\t\t\t\t\t\t<div class=\"elementor-element elementor-element-fa0c1b0 elementor-widget elementor-widget-htmega-team-member-addons\" data-id=\"fa0c1b0\" data-element_type=\"widget\" data-e-type=\"widget\" data-widget_type=\"htmega-team-member-addons.default\">\n\t\t\t\t<div class=\"elementor-widget-container\">\n\t\t\t\t\t            <div class=\"htmega-team htmega-st8-new3 htmega-st8-new htmega-team-style-7 htmega-team-style-8 sidfa0c1b0  htmega-team-style-7 htmega-team-style-8 sidfa0c1b0\" >\n\n                \n                    <div class=\"htmega-thumb\">\n                        <img fetchpriority=\"high\" decoding=\"async\" width=\"1200\" height=\"900\" src=\"https:\/\/www.asscallico.com\/wp-content\/uploads\/2019\/02\/Llu\u00eds-Callic\u00f3-Direcci\u00f3.jpg\" class=\"attachment-full size-full wp-image-1373\" alt=\"Llu\u00eds Callic\u00f3 | Assessoria Callic\u00f3\" srcset=\"https:\/\/www.asscallico.com\/wp-content\/uploads\/2019\/02\/Llu\u00eds-Callic\u00f3-Direcci\u00f3.jpg 1200w, https:\/\/www.asscallico.com\/wp-content\/uploads\/2019\/02\/Llu\u00eds-Callic\u00f3-Direcci\u00f3-600x450.jpg 600w, https:\/\/www.asscallico.com\/wp-content\/uploads\/2019\/02\/Llu\u00eds-Callic\u00f3-Direcci\u00f3-768x576.jpg 768w\" sizes=\"(max-width: 1200px) 100vw, 1200px\" \/>                    <\/div>\n                    <div class=\"htmega-team-content\">\n                        <h4 class=\"htmega-team-name\">Llu\u00eds Callic\u00f3<\/h4><span class=\"htmega-team-designation\">Direcci\u00f3n<\/span>                                            <\/div>                    \n                            <\/div>\n\n                \n                                    <style>\n                         .sidfa0c1b0.htmega-team { transition: 0.3s; }                    <\/style>\n\n                \n\n\n        \t\t\t\t<\/div>\n\t\t\t\t<\/div>\n\t\t\t\t\t<\/div>\n\t\t<\/div>\n\t\t\t\t\t<\/div>\n\t\t<\/section>\n\t\t\t\t<section class=\"elementor-section elementor-top-section elementor-element elementor-element-f7ed0af elementor-section-full_width elementor-section-height-default elementor-section-height-default\" data-id=\"f7ed0af\" data-element_type=\"section\" data-e-type=\"section\">\n\t\t\t\t\t\t<div class=\"elementor-container elementor-column-gap-default\">\n\t\t\t\t\t<div class=\"elementor-column elementor-col-50 elementor-top-column elementor-element elementor-element-7cbd3fc\" data-id=\"7cbd3fc\" data-element_type=\"column\" data-e-type=\"column\">\n\t\t\t<div class=\"elementor-widget-wrap elementor-element-populated\">\n\t\t\t\t\t\t<div class=\"elementor-element elementor-element-a9be851 elementor-widget elementor-widget-htmega-team-member-addons\" data-id=\"a9be851\" data-element_type=\"widget\" data-e-type=\"widget\" data-widget_type=\"htmega-team-member-addons.default\">\n\t\t\t\t<div class=\"elementor-widget-container\">\n\t\t\t\t\t            <div class=\"htmega-team htmega-st8-new3 htmega-st8-new htmega-team-style-7 htmega-team-style-8 sida9be851  htmega-team-style-7 htmega-team-style-8 sida9be851\" >\n\n                \n                    <div class=\"htmega-thumb\">\n                        <img decoding=\"async\" width=\"1200\" height=\"900\" src=\"https:\/\/www.asscallico.com\/wp-content\/uploads\/2020\/12\/IMG_20201216_145318.jpg\" class=\"attachment-full size-full wp-image-2064\" alt=\"\" srcset=\"https:\/\/www.asscallico.com\/wp-content\/uploads\/2020\/12\/IMG_20201216_145318.jpg 1200w, https:\/\/www.asscallico.com\/wp-content\/uploads\/2020\/12\/IMG_20201216_145318-600x450.jpg 600w, https:\/\/www.asscallico.com\/wp-content\/uploads\/2020\/12\/IMG_20201216_145318-768x576.jpg 768w\" sizes=\"(max-width: 1200px) 100vw, 1200px\" \/>                    <\/div>\n                    <div class=\"htmega-team-content\">\n                        <h4 class=\"htmega-team-name\">Jamila<\/h4><span class=\"htmega-team-designation\">Recepci\u00f3n<\/span>                                            <\/div>                    \n                            <\/div>\n\n                \n                                    <style>\n                         .sida9be851.htmega-team { transition: 0.3s; }                    <\/style>\n\n                \n\n\n        \t\t\t\t<\/div>\n\t\t\t\t<\/div>\n\t\t\t\t\t<\/div>\n\t\t<\/div>\n\t\t\t\t<div class=\"elementor-column elementor-col-50 elementor-top-column elementor-element elementor-element-8580fb9\" data-id=\"8580fb9\" data-element_type=\"column\" data-e-type=\"column\">\n\t\t\t<div class=\"elementor-widget-wrap elementor-element-populated\">\n\t\t\t\t\t\t<div class=\"elementor-element elementor-element-8e12095 elementor-widget elementor-widget-htmega-team-member-addons\" data-id=\"8e12095\" data-element_type=\"widget\" data-e-type=\"widget\" data-widget_type=\"htmega-team-member-addons.default\">\n\t\t\t\t<div class=\"elementor-widget-container\">\n\t\t\t\t\t            <div class=\"htmega-team htmega-st8-new3 htmega-st8-new htmega-team-style-7 htmega-team-style-8 sid8e12095  htmega-team-style-7 htmega-team-style-8 sid8e12095\" >\n\n                \n                    <div class=\"htmega-thumb\">\n                        <img decoding=\"async\" width=\"1200\" height=\"900\" src=\"https:\/\/www.asscallico.com\/wp-content\/uploads\/2021\/03\/Susanna-Modificada.jpg\" class=\"attachment-full size-full wp-image-2141\" alt=\"Susanna| Assessoria Callic\u00f3\" srcset=\"https:\/\/www.asscallico.com\/wp-content\/uploads\/2021\/03\/Susanna-Modificada.jpg 1200w, https:\/\/www.asscallico.com\/wp-content\/uploads\/2021\/03\/Susanna-Modificada-600x450.jpg 600w, https:\/\/www.asscallico.com\/wp-content\/uploads\/2021\/03\/Susanna-Modificada-768x576.jpg 768w\" sizes=\"(max-width: 1200px) 100vw, 1200px\" \/>                    <\/div>\n                    <div class=\"htmega-team-content\">\n                        <h4 class=\"htmega-team-name\">Susanna<\/h4><span class=\"htmega-team-designation\">Seguros<\/span>                                            <\/div>                    \n                            <\/div>\n\n                \n                                    <style>\n                         .sid8e12095.htmega-team { transition: 0.3s; }                    <\/style>\n\n                \n\n\n        \t\t\t\t<\/div>\n\t\t\t\t<\/div>\n\t\t\t\t\t<\/div>\n\t\t<\/div>\n\t\t\t\t\t<\/div>\n\t\t<\/section>\n\t\t\t\t<section class=\"elementor-section elementor-top-section elementor-element elementor-element-6a1a760 elementor-section-full_width elementor-section-height-default elementor-section-height-default\" data-id=\"6a1a760\" data-element_type=\"section\" data-e-type=\"section\">\n\t\t\t\t\t\t<div class=\"elementor-container elementor-column-gap-default\">\n\t\t\t\t\t<div class=\"elementor-column elementor-col-50 elementor-top-column elementor-element elementor-element-89c1b51\" data-id=\"89c1b51\" data-element_type=\"column\" data-e-type=\"column\">\n\t\t\t<div class=\"elementor-widget-wrap elementor-element-populated\">\n\t\t\t\t\t\t<div class=\"elementor-element elementor-element-57c57ab elementor-widget elementor-widget-htmega-team-member-addons\" data-id=\"57c57ab\" data-element_type=\"widget\" data-e-type=\"widget\" data-widget_type=\"htmega-team-member-addons.default\">\n\t\t\t\t<div class=\"elementor-widget-container\">\n\t\t\t\t\t            <div class=\"htmega-team htmega-st8-new3 htmega-st8-new htmega-team-style-7 htmega-team-style-8 sid57c57ab  htmega-team-style-7 htmega-team-style-8 sid57c57ab\" >\n\n                \n                    <div class=\"htmega-thumb\">\n                        <img loading=\"lazy\" decoding=\"async\" width=\"1200\" height=\"900\" src=\"https:\/\/www.asscallico.com\/wp-content\/uploads\/2019\/02\/Carles-Assegurances.jpg\" class=\"attachment-full size-full wp-image-1400\" alt=\"Carles | Assessoria Callic\u00f3\" srcset=\"https:\/\/www.asscallico.com\/wp-content\/uploads\/2019\/02\/Carles-Assegurances.jpg 1200w, https:\/\/www.asscallico.com\/wp-content\/uploads\/2019\/02\/Carles-Assegurances-600x450.jpg 600w, https:\/\/www.asscallico.com\/wp-content\/uploads\/2019\/02\/Carles-Assegurances-768x576.jpg 768w\" sizes=\"(max-width: 1200px) 100vw, 1200px\" \/>                    <\/div>\n                    <div class=\"htmega-team-content\">\n                        <h4 class=\"htmega-team-name\">Carles<\/h4><span class=\"htmega-team-designation\">Contabilidad<\/span>                                            <\/div>                    \n                            <\/div>\n\n                \n                                    <style>\n                         .sid57c57ab.htmega-team { transition: 0.3s; }                    <\/style>\n\n                \n\n\n        \t\t\t\t<\/div>\n\t\t\t\t<\/div>\n\t\t\t\t\t<\/div>\n\t\t<\/div>\n\t\t\t\t<div class=\"elementor-column elementor-col-50 elementor-top-column elementor-element elementor-element-0e6df6d\" data-id=\"0e6df6d\" data-element_type=\"column\" data-e-type=\"column\">\n\t\t\t<div class=\"elementor-widget-wrap elementor-element-populated\">\n\t\t\t\t\t\t<div class=\"elementor-element elementor-element-37bf47b elementor-widget elementor-widget-htmega-team-member-addons\" data-id=\"37bf47b\" data-element_type=\"widget\" data-e-type=\"widget\" data-widget_type=\"htmega-team-member-addons.default\">\n\t\t\t\t<div class=\"elementor-widget-container\">\n\t\t\t\t\t            <div class=\"htmega-team htmega-st8-new3 htmega-st8-new htmega-team-style-7 htmega-team-style-8 sid37bf47b  htmega-team-style-7 htmega-team-style-8 sid37bf47b\" >\n\n                \n                    <div class=\"htmega-thumb\">\n                        <img loading=\"lazy\" decoding=\"async\" width=\"1200\" height=\"900\" src=\"https:\/\/www.asscallico.com\/wp-content\/uploads\/2019\/02\/Laura-Comptabilitat.jpg\" class=\"attachment-full size-full wp-image-1403\" alt=\"Laura | Assessoria Callic\u00f3\" srcset=\"https:\/\/www.asscallico.com\/wp-content\/uploads\/2019\/02\/Laura-Comptabilitat.jpg 1200w, https:\/\/www.asscallico.com\/wp-content\/uploads\/2019\/02\/Laura-Comptabilitat-600x450.jpg 600w, https:\/\/www.asscallico.com\/wp-content\/uploads\/2019\/02\/Laura-Comptabilitat-768x576.jpg 768w\" sizes=\"(max-width: 1200px) 100vw, 1200px\" \/>                    <\/div>\n                    <div class=\"htmega-team-content\">\n                        <h4 class=\"htmega-team-name\">Laura<\/h4><span class=\"htmega-team-designation\">Contabilidad<\/span>                                            <\/div>                    \n                            <\/div>\n\n                \n                                    <style>\n                         .sid37bf47b.htmega-team { transition: 0.3s; }                    <\/style>\n\n                \n\n\n        \t\t\t\t<\/div>\n\t\t\t\t<\/div>\n\t\t\t\t\t<\/div>\n\t\t<\/div>\n\t\t\t\t\t<\/div>\n\t\t<\/section>\n\t\t\t\t<section class=\"elementor-section elementor-top-section elementor-element elementor-element-38047bd elementor-section-full_width elementor-section-height-default elementor-section-height-default\" data-id=\"38047bd\" data-element_type=\"section\" data-e-type=\"section\">\n\t\t\t\t\t\t<div class=\"elementor-container elementor-column-gap-default\">\n\t\t\t\t\t<div class=\"elementor-column elementor-col-50 elementor-top-column elementor-element elementor-element-c65274c\" data-id=\"c65274c\" data-element_type=\"column\" data-e-type=\"column\">\n\t\t\t<div class=\"elementor-widget-wrap elementor-element-populated\">\n\t\t\t\t\t\t<div class=\"elementor-element elementor-element-e200d0a elementor-widget elementor-widget-htmega-team-member-addons\" data-id=\"e200d0a\" data-element_type=\"widget\" data-e-type=\"widget\" data-widget_type=\"htmega-team-member-addons.default\">\n\t\t\t\t<div class=\"elementor-widget-container\">\n\t\t\t\t\t            <div class=\"htmega-team htmega-st8-new3 htmega-st8-new htmega-team-style-7 htmega-team-style-8 side200d0a  htmega-team-style-7 htmega-team-style-8 side200d0a\" >\n\n                \n                    <div class=\"htmega-thumb\">\n                        <img loading=\"lazy\" decoding=\"async\" width=\"1200\" height=\"900\" src=\"https:\/\/www.asscallico.com\/wp-content\/uploads\/2021\/03\/Tracy-Modificada.jpg\" class=\"attachment-full size-full wp-image-2145\" alt=\"Tracy | Assessoria Callic\u00f3\" srcset=\"https:\/\/www.asscallico.com\/wp-content\/uploads\/2021\/03\/Tracy-Modificada.jpg 1200w, https:\/\/www.asscallico.com\/wp-content\/uploads\/2021\/03\/Tracy-Modificada-600x450.jpg 600w, https:\/\/www.asscallico.com\/wp-content\/uploads\/2021\/03\/Tracy-Modificada-768x576.jpg 768w\" sizes=\"(max-width: 1200px) 100vw, 1200px\" \/>                    <\/div>\n                    <div class=\"htmega-team-content\">\n                        <h4 class=\"htmega-team-name\">Tracy<\/h4><span class=\"htmega-team-designation\">Laboral<\/span>                                            <\/div>                    \n                            <\/div>\n\n                \n                                    <style>\n                         .side200d0a.htmega-team { transition: 0.3s; }                    <\/style>\n\n                \n\n\n        \t\t\t\t<\/div>\n\t\t\t\t<\/div>\n\t\t\t\t\t<\/div>\n\t\t<\/div>\n\t\t\t\t<div class=\"elementor-column elementor-col-50 elementor-top-column elementor-element elementor-element-b5b711f\" data-id=\"b5b711f\" data-element_type=\"column\" data-e-type=\"column\">\n\t\t\t<div class=\"elementor-widget-wrap elementor-element-populated\">\n\t\t\t\t\t\t<div class=\"elementor-element elementor-element-37b11d8 elementor-widget elementor-widget-htmega-team-member-addons\" data-id=\"37b11d8\" data-element_type=\"widget\" data-e-type=\"widget\" data-widget_type=\"htmega-team-member-addons.default\">\n\t\t\t\t<div class=\"elementor-widget-container\">\n\t\t\t\t\t            <div class=\"htmega-team htmega-st8-new3 htmega-st8-new htmega-team-style-7 htmega-team-style-8 sid37b11d8  htmega-team-style-7 htmega-team-style-8 sid37b11d8\" >\n\n                \n                    <div class=\"htmega-thumb\">\n                        <img loading=\"lazy\" decoding=\"async\" width=\"1200\" height=\"900\" src=\"https:\/\/www.asscallico.com\/wp-content\/uploads\/2019\/02\/M\u00f2nica-Fiscal.jpg\" class=\"attachment-full size-full wp-image-1405\" alt=\"M\u00f2nica | Assessoria Callic\u00f3\" srcset=\"https:\/\/www.asscallico.com\/wp-content\/uploads\/2019\/02\/M\u00f2nica-Fiscal.jpg 1200w, https:\/\/www.asscallico.com\/wp-content\/uploads\/2019\/02\/M\u00f2nica-Fiscal-600x450.jpg 600w, https:\/\/www.asscallico.com\/wp-content\/uploads\/2019\/02\/M\u00f2nica-Fiscal-768x576.jpg 768w\" sizes=\"(max-width: 1200px) 100vw, 1200px\" \/>                    <\/div>\n                    <div class=\"htmega-team-content\">\n                        <h4 class=\"htmega-team-name\">M\u00f3nica<\/h4><span class=\"htmega-team-designation\">Fiscal<\/span>                                            <\/div>                    \n                            <\/div>\n\n                \n                                    <style>\n                         .sid37b11d8.htmega-team { transition: 0.3s; }                    <\/style>\n\n                \n\n\n        \t\t\t\t<\/div>\n\t\t\t\t<\/div>\n\t\t\t\t\t<\/div>\n\t\t<\/div>\n\t\t\t\t\t<\/div>\n\t\t<\/section>\n\t\t\t\t<section class=\"elementor-section elementor-top-section elementor-element elementor-element-6e49303 elementor-section-full_width elementor-section-height-default elementor-section-height-default\" data-id=\"6e49303\" data-element_type=\"section\" data-e-type=\"section\">\n\t\t\t\t\t\t<div class=\"elementor-container elementor-column-gap-default\">\n\t\t\t\t\t<div class=\"elementor-column elementor-col-50 elementor-top-column elementor-element elementor-element-41a4e80\" data-id=\"41a4e80\" data-element_type=\"column\" data-e-type=\"column\">\n\t\t\t<div class=\"elementor-widget-wrap elementor-element-populated\">\n\t\t\t\t\t\t<div class=\"elementor-element elementor-element-3c411bc elementor-widget elementor-widget-htmega-team-member-addons\" data-id=\"3c411bc\" data-element_type=\"widget\" data-e-type=\"widget\" data-widget_type=\"htmega-team-member-addons.default\">\n\t\t\t\t<div class=\"elementor-widget-container\">\n\t\t\t\t\t            <div class=\"htmega-team htmega-st8-new3 htmega-st8-new htmega-team-style-7 htmega-team-style-8 sid3c411bc  htmega-team-style-7 htmega-team-style-8 sid3c411bc\" >\n\n                \n                    <div class=\"htmega-thumb\">\n                        <img loading=\"lazy\" decoding=\"async\" width=\"1200\" height=\"900\" src=\"https:\/\/www.asscallico.com\/wp-content\/uploads\/2024\/01\/Vane-1.jpeg\" class=\"attachment-full size-full wp-image-2381\" alt=\"\" srcset=\"https:\/\/www.asscallico.com\/wp-content\/uploads\/2024\/01\/Vane-1.jpeg 1200w, https:\/\/www.asscallico.com\/wp-content\/uploads\/2024\/01\/Vane-1-600x450.jpeg 600w, https:\/\/www.asscallico.com\/wp-content\/uploads\/2024\/01\/Vane-1-768x576.jpeg 768w\" sizes=\"(max-width: 1200px) 100vw, 1200px\" \/>                    <\/div>\n                    <div class=\"htmega-team-content\">\n                        <h4 class=\"htmega-team-name\">Vanessa<\/h4><span class=\"htmega-team-designation\">Contabilidad-Fiscal<\/span>                                            <\/div>                    \n                            <\/div>\n\n                \n                                    <style>\n                         .sid3c411bc.htmega-team { transition: 0.3s; }                    <\/style>\n\n                \n\n\n        \t\t\t\t<\/div>\n\t\t\t\t<\/div>\n\t\t\t\t\t<\/div>\n\t\t<\/div>\n\t\t\t\t<div class=\"elementor-column elementor-col-50 elementor-top-column elementor-element elementor-element-ca76c9e\" data-id=\"ca76c9e\" data-element_type=\"column\" data-e-type=\"column\">\n\t\t\t<div class=\"elementor-widget-wrap\">\n\t\t\t\t\t\t\t<\/div>\n\t\t<\/div>\n\t\t\t\t\t<\/div>\n\t\t<\/section>\n\t\t\t\t<\/div>\n\t\t","protected":false},"excerpt":{"rendered":"<p>NOS PRESENTAMOS Assessoria Callic\u00f3 compta amb un equip hum\u00e0 de professionals altament especialitzats i qualificats que posa a disposici\u00f3 del client la seva experi\u00e8ncia. \u00a0 Llu\u00eds Callic\u00f3 Direcci\u00f3n Jamila Recepci\u00f3n Susanna Seguros Carles Contabilidad Laura Contabilidad Tracy Laboral M\u00f3nica Fiscal Vanessa Contabilidad-Fiscal<\/p>\n","protected":false},"author":1,"featured_media":2403,"parent":0,"menu_order":0,"comment_status":"open","ping_status":"closed","template":"templates\/page-fullwidth_template.php","meta":{"footnotes":""},"class_list":["post-362","page","type-page","status-publish","has-post-thumbnail","hentry"],"_links":{"self":[{"href":"https:\/\/www.asscallico.com\/es\/wp-json\/wp\/v2\/pages\/362","targetHints":{"allow":["GET"]}}],"collection":[{"href":"https:\/\/www.asscallico.com\/es\/wp-json\/wp\/v2\/pages"}],"about":[{"href":"https:\/\/www.asscallico.com\/es\/wp-json\/wp\/v2\/types\/page"}],"author":[{"embeddable":true,"href":"https:\/\/www.asscallico.com\/es\/wp-json\/wp\/v2\/users\/1"}],"replies":[{"embeddable":true,"href":"https:\/\/www.asscallico.com\/es\/wp-json\/wp\/v2\/comments?post=362"}],"version-history":[{"count":0,"href":"https:\/\/www.asscallico.com\/es\/wp-json\/wp\/v2\/pages\/362\/revisions"}],"wp:featuredmedia":[{"embeddable":true,"href":"https:\/\/www.asscallico.com\/es\/wp-json\/wp\/v2\/media\/2403"}],"wp:attachment":[{"href":"https:\/\/www.asscallico.com\/es\/wp-json\/wp\/v2\/media?parent=362"}],"curies":[{"name":"wp","href":"https:\/\/api.w.org\/{rel}","templated":true}]}}