{"id":44,"date":"2015-07-11T17:09:58","date_gmt":"2015-07-11T15:09:58","guid":{"rendered":"http:\/\/www.asscallico.com\/?page_id=44"},"modified":"2019-03-09T12:48:39","modified_gmt":"2019-03-09T11:48:39","slug":"assessoria-fiscal-i-mercantil","status":"publish","type":"page","link":"https:\/\/www.asscallico.com\/es\/assessoria-fiscal-i-mercantil\/","title":{"rendered":"Asesor\u00eda Fiscal y Mercantil"},"content":{"rendered":"<p style=\"text-align: justify;\">El \u00e1rea fiscal mantiene un constante contacto directo con la empresa y los empresarios y ofrece asesoramiento permanente de todas las obligaciones tributarias para planificarlas optimizando el coste.<\/p>\n<p style=\"text-align: justify;\">El departamento fiscal de <strong>Asesor\u00eda Callic\u00f3<\/strong> ofrece los siguientes servicios:<\/p>\n<ul>\n<li style=\"text-align: justify;\">Consultor\u00eda y planificaci\u00f3n fiscal.<\/li>\n<li style=\"text-align: justify;\">Altas censo I.A.E.<\/li>\n<li style=\"text-align: justify;\">Declaraci\u00f3n del IVA.<\/li>\n<li style=\"text-align: justify;\">Impuesto sobre sociedades y cuentas anuales.<\/li>\n<li style=\"text-align: justify;\">Declaraciones Anuales (*Mod. 390 y 347).<\/li>\n<li style=\"text-align: justify;\">Impuesto de transmisiones Patrimoniales.<\/li>\n<li style=\"text-align: justify;\">Impuesto de Sucesiones y donaciones.<\/li>\n<li style=\"text-align: justify;\">Recursos y Reclamaciones.<\/li>\n<li style=\"text-align: justify;\">Declaraciones de Renta y Patrimonio.<\/li>\n<li style=\"text-align: justify;\">Pagos por anticipado de Renta.<\/li>\n<li style=\"text-align: justify;\">Asistencia y representaci\u00f3n ante inspecci\u00f3n fiscal.<\/li>\n<li style=\"text-align: justify;\">Recursos administrativos.<\/li>\n<li style=\"text-align: justify;\">Constituci\u00f3n y disoluci\u00f3n de sociedades.<\/li>\n<li style=\"text-align: justify;\">Tr\u00e1mites Registro Mercantil.<\/li>\n<\/ul>\n","protected":false},"excerpt":{"rendered":"<p>El \u00e1rea fiscal mantiene un constante contacto directo con la empresa y los empresarios y ofrece asesoramiento permanente de todas las obligaciones tributarias para planificarlas optimizando el coste. El departamento fiscal de Asesor\u00eda Callic\u00f3 ofrece los siguientes servicios: Consultor\u00eda y planificaci\u00f3n fiscal. Altas censo I.A.E. Declaraci\u00f3n del IVA. Impuesto sobre sociedades y cuentas anuales. Declaraciones<br \/><a class=\"moretag\" href=\"https:\/\/www.asscallico.com\/es\/assessoria-fiscal-i-mercantil\/\">+ Read More<\/a><\/p>\n","protected":false},"author":1,"featured_media":1610,"parent":0,"menu_order":0,"comment_status":"closed","ping_status":"closed","template":"templates\/page-fullwidth_template.php","meta":{"footnotes":""},"class_list":["post-44","page","type-page","status-publish","has-post-thumbnail","hentry"],"_links":{"self":[{"href":"https:\/\/www.asscallico.com\/es\/wp-json\/wp\/v2\/pages\/44","targetHints":{"allow":["GET"]}}],"collection":[{"href":"https:\/\/www.asscallico.com\/es\/wp-json\/wp\/v2\/pages"}],"about":[{"href":"https:\/\/www.asscallico.com\/es\/wp-json\/wp\/v2\/types\/page"}],"author":[{"embeddable":true,"href":"https:\/\/www.asscallico.com\/es\/wp-json\/wp\/v2\/users\/1"}],"replies":[{"embeddable":true,"href":"https:\/\/www.asscallico.com\/es\/wp-json\/wp\/v2\/comments?post=44"}],"version-history":[{"count":0,"href":"https:\/\/www.asscallico.com\/es\/wp-json\/wp\/v2\/pages\/44\/revisions"}],"wp:featuredmedia":[{"embeddable":true,"href":"https:\/\/www.asscallico.com\/es\/wp-json\/wp\/v2\/media\/1610"}],"wp:attachment":[{"href":"https:\/\/www.asscallico.com\/es\/wp-json\/wp\/v2\/media?parent=44"}],"curies":[{"name":"wp","href":"https:\/\/api.w.org\/{rel}","templated":true}]}}