{"id":48,"date":"2015-07-11T17:10:51","date_gmt":"2015-07-11T15:10:51","guid":{"rendered":"http:\/\/www.asscallico.com\/?page_id=48"},"modified":"2019-03-07T12:37:16","modified_gmt":"2019-03-07T11:37:16","slug":"assessoria-laboral","status":"publish","type":"page","link":"https:\/\/www.asscallico.com\/es\/assessoria-laboral\/","title":{"rendered":"Asesor\u00eda Laboral"},"content":{"rendered":"<p style=\"text-align: justify;\"><strong>Asesor\u00eda Callic\u00f3<\/strong> ofrece un asesoramiento integral al cliente en cuanto al \u00e1rea laboral, informaci\u00f3n actualizada acerca de cambios en normativa, convenios y otros decretos.<\/p>\n<p style=\"text-align: justify;\">El departamento laboral de Asesor\u00eda Callic\u00f3 te ayudar\u00e1 en cualquier de estos \u00e1mbitos:<\/p>\n<ul>\n<li style=\"text-align: justify;\">Legalizaci\u00f3n de empresas.<\/li>\n<li style=\"text-align: justify;\">Altas y Bajas aut\u00f3nomos.<\/li>\n<li style=\"text-align: justify;\">Altas y Bajas trabajadores.<\/li>\n<li style=\"text-align: justify;\">Contrataci\u00f3n Laboral.<\/li>\n<li style=\"text-align: justify;\">Subvenciones y bonificaciones de creaci\u00f3n de trabajo.<\/li>\n<li style=\"text-align: justify;\">Estudio y aplicaci\u00f3n de convenios colectivos.<\/li>\n<li style=\"text-align: justify;\">Confecci\u00f3n de n\u00f3minas y seguros sociales.<\/li>\n<li style=\"text-align: justify;\">Asistencia y representaci\u00f3n ante inspecci\u00f3n de trabajo.<\/li>\n<li style=\"text-align: justify;\">Tr\u00e1mites administrativos ante el *INSS, INEM,T.G.S.S.<\/li>\n<li style=\"text-align: justify;\">Recursos Administrativos.<\/li>\n<li style=\"text-align: justify;\">Asesoramiento y tr\u00e1mite de prestaciones de jubilaci\u00f3n e invalidez.<\/li>\n<li style=\"text-align: justify;\">Asistencia y representaci\u00f3n ante *CMAC y magistratura.<\/li>\n<\/ul>\n","protected":false},"excerpt":{"rendered":"<p>Asesor\u00eda Callic\u00f3 ofrece un asesoramiento integral al cliente en cuanto al \u00e1rea laboral, informaci\u00f3n actualizada acerca de cambios en normativa, convenios y otros decretos. El departamento laboral de Asesor\u00eda Callic\u00f3 te ayudar\u00e1 en cualquier de estos \u00e1mbitos: Legalizaci\u00f3n de empresas. Altas y Bajas aut\u00f3nomos. Altas y Bajas trabajadores. Contrataci\u00f3n Laboral. Subvenciones y bonificaciones de creaci\u00f3n<br \/><a class=\"moretag\" href=\"https:\/\/www.asscallico.com\/es\/assessoria-laboral\/\">+ Read More<\/a><\/p>\n","protected":false},"author":1,"featured_media":1608,"parent":0,"menu_order":0,"comment_status":"closed","ping_status":"closed","template":"templates\/page-fullwidth_template.php","meta":{"footnotes":""},"class_list":["post-48","page","type-page","status-publish","has-post-thumbnail","hentry"],"_links":{"self":[{"href":"https:\/\/www.asscallico.com\/es\/wp-json\/wp\/v2\/pages\/48","targetHints":{"allow":["GET"]}}],"collection":[{"href":"https:\/\/www.asscallico.com\/es\/wp-json\/wp\/v2\/pages"}],"about":[{"href":"https:\/\/www.asscallico.com\/es\/wp-json\/wp\/v2\/types\/page"}],"author":[{"embeddable":true,"href":"https:\/\/www.asscallico.com\/es\/wp-json\/wp\/v2\/users\/1"}],"replies":[{"embeddable":true,"href":"https:\/\/www.asscallico.com\/es\/wp-json\/wp\/v2\/comments?post=48"}],"version-history":[{"count":0,"href":"https:\/\/www.asscallico.com\/es\/wp-json\/wp\/v2\/pages\/48\/revisions"}],"wp:featuredmedia":[{"embeddable":true,"href":"https:\/\/www.asscallico.com\/es\/wp-json\/wp\/v2\/media\/1608"}],"wp:attachment":[{"href":"https:\/\/www.asscallico.com\/es\/wp-json\/wp\/v2\/media?parent=48"}],"curies":[{"name":"wp","href":"https:\/\/api.w.org\/{rel}","templated":true}]}}