{"id":50,"date":"2015-07-11T17:11:30","date_gmt":"2015-07-11T15:11:30","guid":{"rendered":"http:\/\/www.asscallico.com\/?page_id=50"},"modified":"2019-03-09T12:49:21","modified_gmt":"2019-03-09T11:49:21","slug":"corredoria-dassegurances","status":"publish","type":"page","link":"https:\/\/www.asscallico.com\/es\/corredoria-dassegurances\/","title":{"rendered":"Corredur\u00eda de Seguros"},"content":{"rendered":"<p style=\"text-align: justify;\"><strong>Asesor\u00eda Callic\u00f3<\/strong> ofrece el servicio de contrataci\u00f3n de seguros tanto a particulares como empresas. Trabajamos con el objetivo de conseguir las p\u00f3lizas m\u00e1s competitivas del mercado en varios \u00e1mbitos: veh\u00edculos, salud, hogar, decesos, jubilaci\u00f3n, negocios\u2026<\/p>\n<p style=\"text-align: justify;\">Asesor\u00eda Callic\u00f3 estudia las opciones de seguro en funci\u00f3n de las necesidades del cliente y ofrece varias opciones en precio y prestaciones.<\/p>\n<p style=\"text-align: justify;\">Nuestros servicios como corredur\u00eda de seguros quedan detallados a continuaci\u00f3n:<\/p>\n<h3><strong>Seguros generales<\/strong><\/h3>\n<ul>\n<li>Veh\u00edculos.<\/li>\n<li>Vida.<\/li>\n<li>Decesos.<\/li>\n<li>Accidentes corporales.<\/li>\n<li>Incendios.<\/li>\n<li>Robo y expoliaci\u00f3n.<\/li>\n<li>P\u00e9rdida de beneficios.<\/li>\n<li>Responsabilidad civil.<\/li>\n<li>Riesgos industriales.<\/li>\n<li>Construcci\u00f3n.<\/li>\n<li>Aver\u00edas maquinaria.<\/li>\n<li>Protecci\u00f3n familiar.<\/li>\n<li>Enfermedad.<\/li>\n<li>Combinado hogar.<\/li>\n<li>Combinado del comercio.<\/li>\n<li>Combinado comunidades propietarios.<\/li>\n<li>Jubilaci\u00f3n.<\/li>\n<li>Planes de pensiones.<\/li>\n<\/ul>\n","protected":false},"excerpt":{"rendered":"<p>Asesor\u00eda Callic\u00f3 ofrece el servicio de contrataci\u00f3n de seguros tanto a particulares como empresas. Trabajamos con el objetivo de conseguir las p\u00f3lizas m\u00e1s competitivas del mercado en varios \u00e1mbitos: veh\u00edculos, salud, hogar, decesos, jubilaci\u00f3n, negocios\u2026 Asesor\u00eda Callic\u00f3 estudia las opciones de seguro en funci\u00f3n de las necesidades del cliente y ofrece varias opciones en precio<br \/><a class=\"moretag\" href=\"https:\/\/www.asscallico.com\/es\/corredoria-dassegurances\/\">+ Read More<\/a><\/p>\n","protected":false},"author":1,"featured_media":1572,"parent":0,"menu_order":0,"comment_status":"closed","ping_status":"closed","template":"templates\/page-fullwidth_template.php","meta":{"footnotes":""},"class_list":["post-50","page","type-page","status-publish","has-post-thumbnail","hentry"],"_links":{"self":[{"href":"https:\/\/www.asscallico.com\/es\/wp-json\/wp\/v2\/pages\/50","targetHints":{"allow":["GET"]}}],"collection":[{"href":"https:\/\/www.asscallico.com\/es\/wp-json\/wp\/v2\/pages"}],"about":[{"href":"https:\/\/www.asscallico.com\/es\/wp-json\/wp\/v2\/types\/page"}],"author":[{"embeddable":true,"href":"https:\/\/www.asscallico.com\/es\/wp-json\/wp\/v2\/users\/1"}],"replies":[{"embeddable":true,"href":"https:\/\/www.asscallico.com\/es\/wp-json\/wp\/v2\/comments?post=50"}],"version-history":[{"count":0,"href":"https:\/\/www.asscallico.com\/es\/wp-json\/wp\/v2\/pages\/50\/revisions"}],"wp:featuredmedia":[{"embeddable":true,"href":"https:\/\/www.asscallico.com\/es\/wp-json\/wp\/v2\/media\/1572"}],"wp:attachment":[{"href":"https:\/\/www.asscallico.com\/es\/wp-json\/wp\/v2\/media?parent=50"}],"curies":[{"name":"wp","href":"https:\/\/api.w.org\/{rel}","templated":true}]}}