{"id":60,"date":"2015-07-13T07:44:00","date_gmt":"2015-07-13T05:44:00","guid":{"rendered":"http:\/\/www.asscallico.com\/?page_id=60"},"modified":"2025-12-09T12:06:34","modified_gmt":"2025-12-09T11:06:34","slug":"calendari-laboral","status":"publish","type":"page","link":"https:\/\/www.asscallico.com\/es\/calendari-laboral\/","title":{"rendered":"Calendario Laboral"},"content":{"rendered":"<h3>Calendario oficial de fiestas laborales para el a\u00f1o 2024<\/h3>\n<ul>\n<li><strong>1 Enero:<\/strong> A\u00f1o Nuevo (Lunes).<\/li>\n<li><strong>6 Enero:\u00a0<\/strong>Reyes (S\u00e1bado).<\/li>\n<li><span class=\"tlid-translation translation\"><strong>29 Marzo<\/strong>: Viernes Santo (Viernes).<\/span><\/li>\n<li><span class=\"tlid-translation translation\"><strong>1 Abril<\/strong>: Lunes de Pascua florida (Lunes).<\/span><\/li>\n<li><span class=\"tlid-translation translation\"><strong>1 Mayo<\/strong>: Fiesta del Trabajo (Mi\u00e9rcoles).<\/span><\/li>\n<li><span class=\"tlid-translation translation\"><strong>24 Junio<\/strong>: San Juan (Lunes).<\/span><\/li>\n<li><span class=\"tlid-translation translation\"><strong>15 Agosto:<\/strong> La Asunci\u00f3n (Jueves).<\/span><\/li>\n<li><strong>11 Septiembre:<\/strong> Diada Nacional de Catalunya (Mi\u00e9rcoles).<\/li>\n<li><span class=\"tlid-translation translation\"><strong>12 Octubre<\/strong>: Fiesta Nacional de Espa\u00f1a (S\u00e1bado).<\/span><\/li>\n<li><span class=\"tlid-translation translation\"><strong>1 Noviembre<\/strong>: Todos los Santos (Viernes).<\/span><\/li>\n<li><span class=\"tlid-translation translation\"><strong>6 Diciembre<\/strong>: D\u00eda de la Constituci\u00f3n (Viernes).<\/span><\/li>\n<li><strong>25 Diciembre:<\/strong> Navidad (Mi\u00e9rcoles).<\/li>\n<li><span class=\"tlid-translation translation\"><strong>26 Diciembre<\/strong>: San Esteban (Jueves).<\/span><\/li>\n<\/ul>\n<p style=\"text-align: justify;\"><span class=\"tlid-translation translation\"><br \/>\nEn el territorio de Aran, de acuerdo con el Decreto 152\/1997, de 25 de junio, y el Decreto 146\/1998, de 23 de junio, que modifican el Decreto 177\/1980, de 3 de octubre, sobre el calendario de fiestas fijas y suplentes, la fiesta del d\u00eda 26 de diciembre (San Esteban) queda sustituida por la del d\u00eda 17 de junio (fiesta de Aran).<\/span><\/p>\n<h3><strong>Fiestas locales<\/strong><\/h3>\n<p>Cada municipio propondr\u00e1 2 fiestas locales, adem\u00e1s de las anteriores, de car\u00e1cter retribuido y no recuperable.<\/p>\n<h3><strong>Nota<\/strong><\/h3>\n<p>El calendario laboral anual tendr\u00e1 efectos como calendario de d\u00edas inh\u00e1biles por lo que respecta al c\u00f3mputo de plazos administrativos en Catalu\u00f1a.<\/p>\n<p>&nbsp;<\/p>\n","protected":false},"excerpt":{"rendered":"<p>Calendario oficial de fiestas laborales para el a\u00f1o 2024 1 Enero: A\u00f1o Nuevo (Lunes). 6 Enero:\u00a0Reyes (S\u00e1bado). 29 Marzo: Viernes Santo (Viernes). 1 Abril: Lunes de Pascua florida (Lunes). 1 Mayo: Fiesta del Trabajo (Mi\u00e9rcoles). 24 Junio: San Juan (Lunes). 15 Agosto: La Asunci\u00f3n (Jueves). 11 Septiembre: Diada Nacional de Catalunya (Mi\u00e9rcoles). 12 Octubre: Fiesta<br \/><a class=\"moretag\" href=\"https:\/\/www.asscallico.com\/es\/calendari-laboral\/\">+ Read More<\/a><\/p>\n","protected":false},"author":1,"featured_media":1615,"parent":0,"menu_order":0,"comment_status":"closed","ping_status":"closed","template":"templates\/page-fullwidth_template.php","meta":{"footnotes":""},"class_list":["post-60","page","type-page","status-publish","has-post-thumbnail","hentry"],"_links":{"self":[{"href":"https:\/\/www.asscallico.com\/es\/wp-json\/wp\/v2\/pages\/60","targetHints":{"allow":["GET"]}}],"collection":[{"href":"https:\/\/www.asscallico.com\/es\/wp-json\/wp\/v2\/pages"}],"about":[{"href":"https:\/\/www.asscallico.com\/es\/wp-json\/wp\/v2\/types\/page"}],"author":[{"embeddable":true,"href":"https:\/\/www.asscallico.com\/es\/wp-json\/wp\/v2\/users\/1"}],"replies":[{"embeddable":true,"href":"https:\/\/www.asscallico.com\/es\/wp-json\/wp\/v2\/comments?post=60"}],"version-history":[{"count":2,"href":"https:\/\/www.asscallico.com\/es\/wp-json\/wp\/v2\/pages\/60\/revisions"}],"predecessor-version":[{"id":2562,"href":"https:\/\/www.asscallico.com\/es\/wp-json\/wp\/v2\/pages\/60\/revisions\/2562"}],"wp:featuredmedia":[{"embeddable":true,"href":"https:\/\/www.asscallico.com\/es\/wp-json\/wp\/v2\/media\/1615"}],"wp:attachment":[{"href":"https:\/\/www.asscallico.com\/es\/wp-json\/wp\/v2\/media?parent=60"}],"curies":[{"name":"wp","href":"https:\/\/api.w.org\/{rel}","templated":true}]}}